{"id":6372,"date":"2018-07-28T12:16:01","date_gmt":"2018-07-28T10:16:01","guid":{"rendered":"https:\/\/staging.gastrototal.com\/impressum\/"},"modified":"2025-03-06T12:21:20","modified_gmt":"2025-03-06T11:21:20","slug":"impressum","status":"publish","type":"page","link":"https:\/\/www.gastrototal.com\/en\/impressum\/","title":{"rendered":"Impressum"},"content":{"rendered":"<p><strong>gastro total GmbH<\/strong><br \/>\nPossenheimer Str. 21<br \/>\nD-97348 Markt Einersheim<br \/>\nt\u00a0+49 9326 82-0<\/p>\n<p>Velimir Sever<br \/>\nGesch\u00e4ftsf\u00fchrender Gesellschafter \/ CEO<br \/>\n<a href=\"mailto:v.sever@gastrototal.com\">v.sever@gastrototal.com<\/a><\/p>\n<p>Thomas F\u00f6rch<br \/>\nGesch\u00e4ftsf\u00fchrender Gesellschafter \/ COO<br \/>\n<a href=\"mailto:t.foerch@gastrototal.com\">t.foerch@gastrototal.com<\/a><\/p>\n<p>Jan Wittenbecher<br \/>\nGesch\u00e4ftsf\u00fchrender Gesellschafter \/ CFO<br \/>\n<a href=\"mailto:j.wittenbecher@gastrototal.com\">j.wittenbecher@gastrototal.com<\/a><\/p>\n<p>&nbsp;<\/p>\n<p><strong>Verantwortliche gem\u00e4\u00df \u00a7 55 Abs. 2 RStV<br \/>\n<\/strong>Velimir Sever, Thomas F\u00f6rch &amp; Jan Wittenbecher<\/p>\n<p>Registergericht W\u00fcrzburg, HRB 16471<br \/>\nUmsatzsteueridentifikationsnummer DE 315223453<\/p>\n<p>&nbsp;<\/p>\n<p>&nbsp;<\/p>\n<h3>Allgemeine Gesch\u00e4ftsbedingungen<\/h3>\n<p><a href=\"https:\/\/www.gastrototal.com\/wp-content\/uploads\/2024\/09\/AGB_gastro_total_Allgemeine_Geschaeftsbedingungen_Austria_Stand01022024.pdf\" target=\"_blank\" rel=\"noopener\">AGB gastro total &#8211; Allgemeine Gesch\u00e4ftsbedingungen Austria<\/a><br \/>\n(Stand 01.02.2024)<\/p>\n<p><a href=\"https:\/\/www.gastrototal.com\/wp-content\/uploads\/2024\/09\/AGB_gastro_total-Allgemeine_Geschaeftsbedingungen_Deutschland_EINKAUF_Stand22072024.pdf\" target=\"_blank\" rel=\"noopener\">AGB gastro total &#8211; Allgemeine Gesch\u00e4ftsbedingungen Deutschland EINKAUF<\/a><br \/>\n(Stand 22.07.2024)<\/p>\n<p><a href=\"https:\/\/www.gastrototal.com\/wp-content\/uploads\/2024\/09\/AGB_gastro_total_Allgemeine_Geschaeftsbedingungen_Deutschland_VERKAUF_Stand19062024.pdf\" target=\"_blank\" rel=\"noopener\">AGB gastro total &#8211; Allgemeine Gesch\u00e4ftsbedingungen Deutschland VERKAUF<\/a><br \/>\n(Stand 19.06.2024)<\/p>\n","protected":false},"excerpt":{"rendered":"<p>gastro total GmbH Possenheimer Str. 21 D-97348 Markt Einersheim t\u00a0+49 9326 82-0 Velimir Sever Gesch\u00e4ftsf\u00fchrender Gesellschafter \/ CEO v.sever@gastrototal.com Thomas F\u00f6rch Gesch\u00e4ftsf\u00fchrender Gesellschafter \/ COO t.foerch@gastrototal.com Jan Wittenbecher Gesch\u00e4ftsf\u00fchrender Gesellschafter&hellip;<\/p>\n","protected":false},"author":1,"featured_media":0,"parent":0,"menu_order":0,"comment_status":"closed","ping_status":"closed","template":"","meta":{"_acf_changed":false,"footnotes":""},"class_list":["post-6372","page","type-page","status-publish","hentry"],"acf":[],"yoast_head":"<!-- This site is optimized with the Yoast SEO plugin v27.4 - https:\/\/yoast.com\/product\/yoast-seo-wordpress\/ -->\n<title>Impressum - gastrototal<\/title>\n<meta name=\"robots\" content=\"index, follow, max-snippet:-1, max-image-preview:large, max-video-preview:-1\" \/>\n<link rel=\"canonical\" href=\"https:\/\/www.gastrototal.com\/en\/impressum\/\" \/>\n<meta property=\"og:locale\" content=\"en_US\" \/>\n<meta property=\"og:type\" content=\"article\" \/>\n<meta property=\"og:title\" content=\"Impressum - gastrototal\" \/>\n<meta property=\"og:description\" content=\"gastro total GmbH Possenheimer Str. 21 D-97348 Markt Einersheim t\u00a0+49 9326 82-0 Velimir Sever Gesch\u00e4ftsf\u00fchrender Gesellschafter \/ CEO v.sever@gastrototal.com Thomas F\u00f6rch Gesch\u00e4ftsf\u00fchrender Gesellschafter \/ COO t.foerch@gastrototal.com Jan Wittenbecher Gesch\u00e4ftsf\u00fchrender Gesellschafter&hellip;\" \/>\n<meta property=\"og:url\" content=\"https:\/\/www.gastrototal.com\/en\/impressum\/\" \/>\n<meta property=\"og:site_name\" content=\"gastrototal\" \/>\n<meta property=\"article:modified_time\" content=\"2025-03-06T11:21:20+00:00\" \/>\n<meta name=\"twitter:card\" content=\"summary_large_image\" \/>\n<meta name=\"twitter:label1\" content=\"Est. reading time\" \/>\n\t<meta name=\"twitter:data1\" content=\"1 minute\" \/>\n<script type=\"application\/ld+json\" class=\"yoast-schema-graph\">{\"@context\":\"https:\\\/\\\/schema.org\",\"@graph\":[{\"@type\":\"WebPage\",\"@id\":\"https:\\\/\\\/www.gastrototal.com\\\/en\\\/impressum\\\/\",\"url\":\"https:\\\/\\\/www.gastrototal.com\\\/en\\\/impressum\\\/\",\"name\":\"Impressum - gastrototal\",\"isPartOf\":{\"@id\":\"https:\\\/\\\/www.gastrototal.com\\\/en\\\/#website\"},\"datePublished\":\"2018-07-28T10:16:01+00:00\",\"dateModified\":\"2025-03-06T11:21:20+00:00\",\"breadcrumb\":{\"@id\":\"https:\\\/\\\/www.gastrototal.com\\\/en\\\/impressum\\\/#breadcrumb\"},\"inLanguage\":\"en-US\",\"potentialAction\":[{\"@type\":\"ReadAction\",\"target\":[\"https:\\\/\\\/www.gastrototal.com\\\/en\\\/impressum\\\/\"]}]},{\"@type\":\"BreadcrumbList\",\"@id\":\"https:\\\/\\\/www.gastrototal.com\\\/en\\\/impressum\\\/#breadcrumb\",\"itemListElement\":[{\"@type\":\"ListItem\",\"position\":1,\"name\":\"Home\",\"item\":\"https:\\\/\\\/www.gastrototal.com\\\/en\\\/\"},{\"@type\":\"ListItem\",\"position\":2,\"name\":\"Impressum\"}]},{\"@type\":\"WebSite\",\"@id\":\"https:\\\/\\\/www.gastrototal.com\\\/en\\\/#website\",\"url\":\"https:\\\/\\\/www.gastrototal.com\\\/en\\\/\",\"name\":\"gastrototal\",\"description\":\"Eine weitere WordPress-Website\",\"potentialAction\":[{\"@type\":\"SearchAction\",\"target\":{\"@type\":\"EntryPoint\",\"urlTemplate\":\"https:\\\/\\\/www.gastrototal.com\\\/en\\\/?s={search_term_string}\"},\"query-input\":{\"@type\":\"PropertyValueSpecification\",\"valueRequired\":true,\"valueName\":\"search_term_string\"}}],\"inLanguage\":\"en-US\"}]}<\/script>\n<!-- \/ Yoast SEO plugin. -->","yoast_head_json":{"title":"Impressum - gastrototal","robots":{"index":"index","follow":"follow","max-snippet":"max-snippet:-1","max-image-preview":"max-image-preview:large","max-video-preview":"max-video-preview:-1"},"canonical":"https:\/\/www.gastrototal.com\/en\/impressum\/","og_locale":"en_US","og_type":"article","og_title":"Impressum - gastrototal","og_description":"gastro total GmbH Possenheimer Str. 21 D-97348 Markt Einersheim t\u00a0+49 9326 82-0 Velimir Sever Gesch\u00e4ftsf\u00fchrender Gesellschafter \/ CEO v.sever@gastrototal.com Thomas F\u00f6rch Gesch\u00e4ftsf\u00fchrender Gesellschafter \/ COO t.foerch@gastrototal.com Jan Wittenbecher Gesch\u00e4ftsf\u00fchrender Gesellschafter&hellip;","og_url":"https:\/\/www.gastrototal.com\/en\/impressum\/","og_site_name":"gastrototal","article_modified_time":"2025-03-06T11:21:20+00:00","twitter_card":"summary_large_image","twitter_misc":{"Est. reading time":"1 minute"},"schema":{"@context":"https:\/\/schema.org","@graph":[{"@type":"WebPage","@id":"https:\/\/www.gastrototal.com\/en\/impressum\/","url":"https:\/\/www.gastrototal.com\/en\/impressum\/","name":"Impressum - gastrototal","isPartOf":{"@id":"https:\/\/www.gastrototal.com\/en\/#website"},"datePublished":"2018-07-28T10:16:01+00:00","dateModified":"2025-03-06T11:21:20+00:00","breadcrumb":{"@id":"https:\/\/www.gastrototal.com\/en\/impressum\/#breadcrumb"},"inLanguage":"en-US","potentialAction":[{"@type":"ReadAction","target":["https:\/\/www.gastrototal.com\/en\/impressum\/"]}]},{"@type":"BreadcrumbList","@id":"https:\/\/www.gastrototal.com\/en\/impressum\/#breadcrumb","itemListElement":[{"@type":"ListItem","position":1,"name":"Home","item":"https:\/\/www.gastrototal.com\/en\/"},{"@type":"ListItem","position":2,"name":"Impressum"}]},{"@type":"WebSite","@id":"https:\/\/www.gastrototal.com\/en\/#website","url":"https:\/\/www.gastrototal.com\/en\/","name":"gastrototal","description":"Eine weitere WordPress-Website","potentialAction":[{"@type":"SearchAction","target":{"@type":"EntryPoint","urlTemplate":"https:\/\/www.gastrototal.com\/en\/?s={search_term_string}"},"query-input":{"@type":"PropertyValueSpecification","valueRequired":true,"valueName":"search_term_string"}}],"inLanguage":"en-US"}]}},"_links":{"self":[{"href":"https:\/\/www.gastrototal.com\/en\/wp-json\/wp\/v2\/pages\/6372","targetHints":{"allow":["GET"]}}],"collection":[{"href":"https:\/\/www.gastrototal.com\/en\/wp-json\/wp\/v2\/pages"}],"about":[{"href":"https:\/\/www.gastrototal.com\/en\/wp-json\/wp\/v2\/types\/page"}],"author":[{"embeddable":true,"href":"https:\/\/www.gastrototal.com\/en\/wp-json\/wp\/v2\/users\/1"}],"replies":[{"embeddable":true,"href":"https:\/\/www.gastrototal.com\/en\/wp-json\/wp\/v2\/comments?post=6372"}],"version-history":[{"count":2,"href":"https:\/\/www.gastrototal.com\/en\/wp-json\/wp\/v2\/pages\/6372\/revisions"}],"predecessor-version":[{"id":7337,"href":"https:\/\/www.gastrototal.com\/en\/wp-json\/wp\/v2\/pages\/6372\/revisions\/7337"}],"wp:attachment":[{"href":"https:\/\/www.gastrototal.com\/en\/wp-json\/wp\/v2\/media?parent=6372"}],"curies":[{"name":"wp","href":"https:\/\/api.w.org\/{rel}","templated":true}]}}